{"id":602,"date":"2015-09-13T19:37:23","date_gmt":"2015-09-13T19:37:23","guid":{"rendered":"http:\/\/www.mobilegiving.ca\/fr\/?page_id=602"},"modified":"2024-11-15T20:03:25","modified_gmt":"2024-11-15T20:03:25","slug":"politique-de-confidentialite","status":"publish","type":"page","link":"https:\/\/www.mobilegiving.ca\/fr\/politique-de-confidentialite\/","title":{"rendered":"Politique de confidentialit\u00e9"},"content":{"rendered":"<p>[et_pb_section fb_built=\u00a0\u00bb1&Prime; fullwidth=\u00a0\u00bbon\u00a0\u00bb _builder_version=\u00a0\u00bb4.16&Prime; global_colors_info=\u00a0\u00bb{}\u00a0\u00bb]<section class=\"et_pb_fullwidth_header et_pb_bg_layout_light et_pb_text_align_left\">\n\t\t\t<div class=\"et_pb_row\">\n\t\t\t\t<h1>Politique de confidentialit\u00e9<\/h1>\n\t\t\t\t\n\t\t\t<\/div>\n\t\t<\/section>[\/et_pb_section][et_pb_section fb_built=\u00a0\u00bb1&Prime; _builder_version=\u00a0\u00bb4.16&Prime; global_colors_info=\u00a0\u00bb{}\u00a0\u00bb][et_pb_row _builder_version=\u00a0\u00bb4.16&Prime; background_size=\u00a0\u00bbinitial\u00a0\u00bb background_position=\u00a0\u00bbtop_left\u00a0\u00bb background_repeat=\u00a0\u00bbrepeat\u00a0\u00bb global_colors_info=\u00a0\u00bb{}\u00a0\u00bb][et_pb_column type=\u00a0\u00bb4_4&Prime; _builder_version=\u00a0\u00bb4.16&Prime; custom_padding=\u00a0\u00bb|||\u00a0\u00bb global_colors_info=\u00a0\u00bb{}\u00a0\u00bb custom_padding__hover=\u00a0\u00bb|||\u00a0\u00bb][et_pb_divider show_divider=\u00a0\u00bboff\u00a0\u00bb disabled_on=\u00a0\u00bbon|on|off\u00a0\u00bb admin_label=\u00a0\u00bbDivider\u00a0\u00bb _builder_version=\u00a0\u00bb4.16&Prime; height=\u00a0\u00bb20px\u00a0\u00bb hide_on_mobile=\u00a0\u00bbon\u00a0\u00bb global_colors_info=\u00a0\u00bb{}\u00a0\u00bb]<br \/>\n[\/et_pb_divider][\/et_pb_column][\/et_pb_row][et_pb_row column_structure=\u00a0\u00bb3_4,1_4&Prime; _builder_version=\u00a0\u00bb4.16&Prime; background_size=\u00a0\u00bbinitial\u00a0\u00bb background_position=\u00a0\u00bbtop_left\u00a0\u00bb background_repeat=\u00a0\u00bbrepeat\u00a0\u00bb global_colors_info=\u00a0\u00bb{}\u00a0\u00bb][et_pb_column type=\u00a0\u00bb3_4&Prime; _builder_version=\u00a0\u00bb4.16&Prime; custom_padding=\u00a0\u00bb|||\u00a0\u00bb global_colors_info=\u00a0\u00bb{}\u00a0\u00bb custom_padding__hover=\u00a0\u00bb|||\u00a0\u00bb][et_pb_text admin_label=\u00a0\u00bbText\u00a0\u00bb _builder_version=\u00a0\u00bb4.17.6&Prime; background_size=\u00a0\u00bbinitial\u00a0\u00bb background_position=\u00a0\u00bbtop_left\u00a0\u00bb background_repeat=\u00a0\u00bbrepeat\u00a0\u00bb hover_enabled=\u00a0\u00bb0&Prime; use_border_color=\u00a0\u00bboff\u00a0\u00bb border_color=\u00a0\u00bb#ffffff\u00a0\u00bb border_style=\u00a0\u00bbsolid\u00a0\u00bb global_colors_info=\u00a0\u00bb{}\u00a0\u00bb sticky_enabled=\u00a0\u00bb0&Prime;]La Fondation des dons sans fil du Canada (FDSFC) respecte votre droit \u00e0 la vie priv\u00e9e. Elle \u00e9tablit des lignes directrices concernant l\u2019utilisation du sans-fil pour faire des dons aux organismes de bienfaisance et adh\u00e8re \u00e0 une politique de confidentialit\u00e9 rigoureuse.<\/p>\n<p>La FDSFC est un organisme de bienfaisance enregistr\u00e9, qui assure la remise des dons que vous faites par texto aux organismes de bienfaisance enregistr\u00e9s que vous d\u00e9signez ainsi que la d\u00e9livrance des re\u00e7us s\u2019y rapportant. Elle est aid\u00e9e en cela par IC Mobile, Dirox et Bandsintown Canada Inc., des fournisseurs de technologie dont elle a retenu les services. Elle ne vend ni ne loue vos renseignements personnels \u00e0 aucune entreprise ni personne et n\u2019\u00e9change aucune donn\u00e9e de la sorte avec qui que ce soit. Elle peut utiliser les renseignements recueillis par l\u2019interm\u00e9diaire de ses services et de son site Web \u00e0 des fins de recherche et de d\u00e9veloppement. Toutefois, les renseignements utilis\u00e9s pour ce genre de recherche et d\u2019analyse ne comprennent aucune donn\u00e9e permettant de vous identifier. Les renseignements que vous fournissez ne servent que pour les besoins pour lesquels ils ont \u00e9t\u00e9 recueillis.<\/p>\n<p>La Fondation emploie une technologie de pointe fond\u00e9e sur le protocole&nbsp;SSL (Secure Sockets Layer) pour prot\u00e9ger vos renseignements personnels dans toute la mesure du possible.<\/p>\n<p>La FDSFC se sert \u00e9galement des renseignements que vous lui fournissez pour \u00e9mettre un re\u00e7u fiscal. Si jamais vous souhaitez corriger ou faire supprimer vos coordonn\u00e9es, veuillez communiquer avec nous \u00e0 <a href=\"mailto:soutien@donssansfil.ca\">soutien@donssansfil.ca<\/a>.<\/p>\n<p>Le pr\u00e9sent site Web comprend des liens vers d\u2019autres sites Web. La FDSFC n\u2019est pas responsable des pratiques des d\u00e9tenteurs de ces sites sur le plan de la confidentialit\u00e9. Tout organisme de bienfaisance peut avoir sa propre politique de protection des renseignements personnels des donateurs. Nous encourageons tous les donateurs et\/ou utilisateurs \u00e0 se renseigner sur les politiques et pratiques de tous les sites et organismes de bienfaisance sous ce rapport.<\/p>\n<p>Pour toute question concernant le pr\u00e9sent site Web ou la politique de confidentialit\u00e9 de la Fondation, veuillez communiquer avec nous \u00e0 <a href=\"mailto:soutien@donssansfil.ca\">soutien@donssansfil.ca<\/a>.[\/et_pb_text][\/et_pb_column][et_pb_column type=\u00a0\u00bb1_4&Prime; _builder_version=\u00a0\u00bb4.16&Prime; custom_padding=\u00a0\u00bb|||\u00a0\u00bb global_colors_info=\u00a0\u00bb{}\u00a0\u00bb custom_padding__hover=\u00a0\u00bb|||\u00a0\u00bb][et_pb_sidebar orientation=\u00a0\u00bbright\u00a0\u00bb area=\u00a0\u00bbsidebar-1&Prime; admin_label=\u00a0\u00bbSidebar\u00a0\u00bb _builder_version=\u00a0\u00bb4.16&Prime; remove_border=\u00a0\u00bboff\u00a0\u00bb global_colors_info=\u00a0\u00bb{}\u00a0\u00bb]<br \/>\n[\/et_pb_sidebar][\/et_pb_column][\/et_pb_row][\/et_pb_section][et_pb_section fb_built=\u00a0\u00bb1&Prime; custom_padding_last_edited=\u00a0\u00bbon|desktop\u00a0\u00bb admin_label=\u00a0\u00bbsection\u00a0\u00bb module_class=\u00a0\u00bbsectionPageFooter\u00a0\u00bb _builder_version=\u00a0\u00bb4.16&Prime; background_color=\u00a0\u00bb#737a80&Prime; custom_padding_tablet=\u00a0\u00bb50px|0|50px|0&Prime; custom_padding_phone=\u00a0\u00bb\u00a0\u00bb padding_mobile=\u00a0\u00bboff\u00a0\u00bb locked=\u00a0\u00bboff\u00a0\u00bb global_colors_info=\u00a0\u00bb{}\u00a0\u00bb][et_pb_row admin_label=\u00a0\u00bbrow\u00a0\u00bb _builder_version=\u00a0\u00bb4.16&Prime; background_size=\u00a0\u00bbinitial\u00a0\u00bb background_position=\u00a0\u00bbtop_left\u00a0\u00bb background_repeat=\u00a0\u00bbrepeat\u00a0\u00bb global_colors_info=\u00a0\u00bb{}\u00a0\u00bb][et_pb_column type=\u00a0\u00bb4_4&Prime; _builder_version=\u00a0\u00bb4.16&Prime; custom_padding=\u00a0\u00bb|||\u00a0\u00bb global_colors_info=\u00a0\u00bb{}\u00a0\u00bb custom_padding__hover=\u00a0\u00bb|||\u00a0\u00bb][et_pb_text admin_label=\u00a0\u00bbFOOTER TITLE ENGLISH\u00a0\u00bb module_class=\u00a0\u00bbfooterTitle\u00a0\u00bb _builder_version=\u00a0\u00bb4.16&Prime; background_size=\u00a0\u00bbinitial\u00a0\u00bb background_position=\u00a0\u00bbtop_left\u00a0\u00bb background_repeat=\u00a0\u00bbrepeat\u00a0\u00bb text_orientation=\u00a0\u00bbcenter\u00a0\u00bb background_layout=\u00a0\u00bbdark\u00a0\u00bb module_alignment=\u00a0\u00bbcenter\u00a0\u00bb global_colors_info=\u00a0\u00bb{}\u00a0\u00bb]<\/p>\n<p>Supporting Partners<\/p>\n<p>[\/et_pb_text][et_pb_text admin_label=\u00a0\u00bbFOOTER TITLE FRENCH\u00a0\u00bb module_class=\u00a0\u00bbfooterTitleFR\u00a0\u00bb _builder_version=\u00a0\u00bb4.16&Prime; background_size=\u00a0\u00bbinitial\u00a0\u00bb background_position=\u00a0\u00bbtop_left\u00a0\u00bb background_repeat=\u00a0\u00bbrepeat\u00a0\u00bb text_orientation=\u00a0\u00bbcenter\u00a0\u00bb background_layout=\u00a0\u00bbdark\u00a0\u00bb module_alignment=\u00a0\u00bbcenter\u00a0\u00bb global_colors_info=\u00a0\u00bb{}\u00a0\u00bb]<\/p>\n<p>Partenaires parraineurs<\/p>\n<p>[\/et_pb_text][et_pb_divider show_divider=\u00a0\u00bboff\u00a0\u00bb disabled_on=\u00a0\u00bbon|on|off\u00a0\u00bb _builder_version=\u00a0\u00bb4.16&Prime; height=\u00a0\u00bb20px\u00a0\u00bb global_colors_info=\u00a0\u00bb{}\u00a0\u00bb][\/et_pb_divider][\/et_pb_column][\/et_pb_row][et_pb_row column_structure=\u00a0\u00bb1_3,1_3,1_3&Prime; admin_label=\u00a0\u00bbrow\u00a0\u00bb _builder_version=\u00a0\u00bb4.16&Prime; background_size=\u00a0\u00bbinitial\u00a0\u00bb background_position=\u00a0\u00bbtop_left\u00a0\u00bb background_repeat=\u00a0\u00bbrepeat\u00a0\u00bb global_colors_info=\u00a0\u00bb{}\u00a0\u00bb][et_pb_column type=\u00a0\u00bb1_3&Prime; _builder_version=\u00a0\u00bb4.16&Prime; custom_padding=\u00a0\u00bb|||\u00a0\u00bb global_colors_info=\u00a0\u00bb{}\u00a0\u00bb custom_padding__hover=\u00a0\u00bb|||\u00a0\u00bb][et_pb_image src=\u00a0\u00bbhttps:\/\/www.mobilegiving.ca\/wp-content\/uploads\/2023\/05\/CTA_Logo_EN_FR.png\u00a0\u00bb alt=\u00a0\u00bbCanadian Telecommunications Association\u00a0\u00bb title_text=\u00a0\u00bbCanadian Telecommunications Association\u00a0\u00bb url=\u00a0\u00bbhttps:\/\/www.canadatelecoms.ca\/fr\u00a0\u00bb url_new_window=\u00a0\u00bbon\u00a0\u00bb align=\u00a0\u00bbright\u00a0\u00bb align_tablet=\u00a0\u00bbcenter\u00a0\u00bb align_phone=\u00a0\u00bb\u00a0\u00bb align_last_edited=\u00a0\u00bbon|desktop\u00a0\u00bb _builder_version=\u00a0\u00bb4.17.6&Prime; animation=\u00a0\u00bboff\u00a0\u00bb global_colors_info=\u00a0\u00bb{}\u00a0\u00bb]<br \/>\n[\/et_pb_image][\/et_pb_column][et_pb_column type=\u00a0\u00bb1_3&Prime; _builder_version=\u00a0\u00bb4.16&Prime; custom_padding=\u00a0\u00bb|||\u00a0\u00bb global_colors_info=\u00a0\u00bb{}\u00a0\u00bb custom_padding__hover=\u00a0\u00bb|||\u00a0\u00bb][et_pb_image src=\u00a0\u00bbhttps:\/\/www.mobilegiving.ca\/wp-content\/uploads\/2024\/02\/IC-Mobile-logo-ppt.jpg\u00a0\u00bb alt=\u00a0\u00bbIC Mobile\u00a0\u00bb title_text=\u00a0\u00bbIC Mobile\u00a0\u00bb url=\u00a0\u00bbhttps:\/\/www.icgroupinc.com\/mobile-messaging\u00a0\u00bb url_new_window=\u00a0\u00bbon\u00a0\u00bb align=\u00a0\u00bbcenter\u00a0\u00bb align_tablet=\u00a0\u00bbcenter\u00a0\u00bb align_phone=\u00a0\u00bb\u00a0\u00bb align_last_edited=\u00a0\u00bbon|desktop\u00a0\u00bb _builder_version=\u00a0\u00bb4.17.6&Prime; max_width=\u00a0\u00bb150px\u00a0\u00bb global_colors_info=\u00a0\u00bb{}\u00a0\u00bb]<br \/>\n[\/et_pb_image][\/et_pb_column][et_pb_column type=\u00a0\u00bb1_3&Prime; _builder_version=\u00a0\u00bb4.16&Prime; custom_padding=\u00a0\u00bb|||\u00a0\u00bb global_colors_info=\u00a0\u00bb{}\u00a0\u00bb custom_padding__hover=\u00a0\u00bb|||\u00a0\u00bb][et_pb_image src=\u00a0\u00bbhttps:\/\/www.mobilegiving.ca\/wp-content\/uploads\/2016\/06\/logo_dirox_small.png\u00a0\u00bb alt=\u00a0\u00bbDirox\u00a0\u00bb title_text=\u00a0\u00bbDirox\u00a0\u00bb url=\u00a0\u00bbhttps:\/\/www.dirox.net\/\u00a0\u00bb url_new_window=\u00a0\u00bbon\u00a0\u00bb align_tablet=\u00a0\u00bbcenter\u00a0\u00bb align_phone=\u00a0\u00bb\u00a0\u00bb align_last_edited=\u00a0\u00bbon|desktop\u00a0\u00bb _builder_version=\u00a0\u00bb4.17.6&Prime; custom_margin=\u00a0\u00bb13px|||\u00a0\u00bb animation=\u00a0\u00bboff\u00a0\u00bb global_colors_info=\u00a0\u00bb{}\u00a0\u00bb][\/et_pb_image][\/et_pb_column][\/et_pb_row][et_pb_row admin_label=\u00a0\u00bbrow\u00a0\u00bb _builder_version=\u00a0\u00bb4.16&Prime; background_size=\u00a0\u00bbinitial\u00a0\u00bb background_position=\u00a0\u00bbtop_left\u00a0\u00bb background_repeat=\u00a0\u00bbrepeat\u00a0\u00bb global_colors_info=\u00a0\u00bb{}\u00a0\u00bb][et_pb_column type=\u00a0\u00bb4_4&Prime; _builder_version=\u00a0\u00bb4.16&Prime; custom_padding=\u00a0\u00bb|||\u00a0\u00bb global_colors_info=\u00a0\u00bb{}\u00a0\u00bb custom_padding__hover=\u00a0\u00bb|||\u00a0\u00bb][et_pb_divider show_divider=\u00a0\u00bboff\u00a0\u00bb disabled_on=\u00a0\u00bbon|on|off\u00a0\u00bb _builder_version=\u00a0\u00bb4.16&Prime; height=\u00a0\u00bb20px\u00a0\u00bb global_colors_info=\u00a0\u00bb{}\u00a0\u00bb][\/et_pb_divider][\/et_pb_column][\/et_pb_row][\/et_pb_section]<\/p>\n","protected":false},"excerpt":{"rendered":"<p>La Fondation des dons sans fil du Canada (FDSFC) respecte votre droit \u00e0 la vie priv\u00e9e. Elle \u00e9tablit des lignes directrices concernant l\u2019utilisation du sans-fil pour faire des dons aux organismes de bienfaisance et adh\u00e8re \u00e0 une politique de confidentialit\u00e9 rigoureuse. La FDSFC est un organisme de bienfaisance enregistr\u00e9, qui assure la remise des dons [&hellip;]<\/p>\n","protected":false},"author":5,"featured_media":0,"parent":0,"menu_order":0,"comment_status":"closed","ping_status":"closed","template":"","meta":{"_et_pb_use_builder":"on","_et_pb_old_content":"<p>[et_pb_section fullwidth=\"on\" specialty=\"off\"][et_pb_fullwidth_header admin_label=\"Fullwidth Header\" title=\"Privacy Policy\" background_layout=\"dark\" text_orientation=\"left\" header_fullscreen=\"off\" header_scroll_down=\"off\" background_url=\"http:\/\/www.mobilegiving.ca\/wp-content\/uploads\/2015\/08\/header_alt.jpg\" parallax=\"off\" parallax_method=\"off\" content_orientation=\"center\" image_orientation=\"center\" custom_button_one=\"off\" button_one_letter_spacing=\"0\" button_one_use_icon=\"default\" button_one_icon_placement=\"right\" button_one_on_hover=\"on\" button_one_letter_spacing_hover=\"0\" custom_button_two=\"off\" button_two_letter_spacing=\"0\" button_two_use_icon=\"default\" button_two_icon_placement=\"right\" button_two_on_hover=\"on\" button_two_letter_spacing_hover=\"0\"] [\/et_pb_fullwidth_header][\/et_pb_section][et_pb_section][et_pb_row][et_pb_column type=\"4_4\"][et_pb_divider admin_label=\"Divider\" color=\"#ffffff\" show_divider=\"off\" height=\"20\" divider_style=\"solid\" divider_position=\"top\" hide_on_mobile=\"on\"] [\/et_pb_divider][\/et_pb_column][\/et_pb_row][et_pb_row][et_pb_column type=\"3_4\"][et_pb_text admin_label=\"Text\" background_layout=\"light\" text_orientation=\"left\" use_border_color=\"off\" border_color=\"#ffffff\" border_style=\"solid\"]<\/p><p lang=\"en-CA\">Mobile Giving Foundation Canada (MGFC) respects your privacy. MGFC establishes guidelines around the use of the mobile channel in connection to charitable donations and adheres to a strong privacy policy.<\/p><p lang=\"en-CA\">MGFC is a non-profit organization and a registered charity that distributes or grants your donation to the Registered Charity identified by you through your text message donation. The delivery of donations and the receipts thereof are enabled through MGFC\u2019s third party technology providers: Olson and Cellfish Media Inc. MGFC does not sell, trade, or rent your personal information to other companies or individuals. MGFC may use information collected through its services and website for research and development purposes. However, such usage will not include any personally identifiable information in such research or analysis. Your information is used only for its intended purposes. By completing the donation transaction, you give MGFC permission to provide your contact information to the charity (ies) you supported. If you do not wish to share any personal information with the charity, please contact us. MGFC uses industry-leading Secure Sockets Layer (SSL) technology to keep your personal information as secure as possible.<\/p><p lang=\"en-CA\">MGFC will also use your information to provide you with a donation record and may occasionally send you updates about or from your favorite charities. If at any time you would like to correct and\/or remove your information, please contact us at <a href=\"mailto:support@mobilegiving.ca\">support@mobilegiving.ca<\/a>.<\/p><p lang=\"en-CA\">This website contains links to third party websites. MGFC is not responsible for the privacy practices of these other websites. Each charity may also have its own privacy policy regarding donor information. We encourage all donors and\/or users to learn about the privacy policies and practices of all websites and charities.<\/p><p lang=\"en-CA\"><a name=\"_GoBack\"><\/a><\/p><p lang=\"en-CA\">Please contact <a href=\"mailto:support@mobilegiving.ca\">support@mobilegiving.ca<\/a> for any inquiries regarding this website or privacy policy.<\/p><p>[\/et_pb_text][\/et_pb_column][et_pb_column type=\"1_4\"][et_pb_sidebar admin_label=\"Sidebar\" orientation=\"right\" area=\"sidebar-1\" background_layout=\"light\" remove_border=\"off\"] [\/et_pb_sidebar][\/et_pb_column][\/et_pb_row][\/et_pb_section][et_pb_section global_module=\"363\" fullwidth=\"off\" specialty=\"off\" transparent_background=\"off\" background_color=\"#3e7393\" allow_player_pause=\"off\" inner_shadow=\"off\" parallax=\"off\" parallax_method=\"off\" padding_mobile=\"off\" make_fullwidth=\"off\" use_custom_width=\"off\" width_unit=\"on\" make_equal=\"off\" use_custom_gutter=\"off\" module_class=\"sectionPageFooter\"][et_pb_row global_parent=\"363\"][et_pb_column type=\"4_4\"][et_pb_text global_parent=\"363\" admin_label=\"Text\" background_layout=\"dark\" text_orientation=\"center\" use_border_color=\"off\" border_color=\"#ffffff\" border_style=\"solid\" module_class=\"footerTitle\"] Supporting Partners [\/et_pb_text][et_pb_divider global_parent=\"363\" admin_label=\"Divider\" color=\"#ffffff\" show_divider=\"off\" height=\"20\" divider_style=\"solid\" divider_position=\"top\" hide_on_mobile=\"on\"] [\/et_pb_divider][\/et_pb_column][\/et_pb_row][et_pb_row global_parent=\"363\"][et_pb_column type=\"1_2\"][et_pb_image global_parent=\"363\" admin_label=\"Image\" src=\"http:\/\/www.mobilegiving.ca\/wp-content\/uploads\/2015\/08\/cwta.png\" alt=\"CWTA\" title_text=\"CWTA\" show_in_lightbox=\"off\" url=\"http:\/\/www.cwta.ca\" url_new_window=\"on\" animation=\"off\" sticky=\"off\" align=\"right\" force_fullwidth=\"off\" always_center_on_mobile=\"on\" use_border_color=\"off\" border_color=\"#ffffff\" border_style=\"solid\"] [\/et_pb_image][\/et_pb_column][et_pb_column type=\"1_2\"][et_pb_image global_parent=\"363\" admin_label=\"Image\" src=\"http:\/\/www.mobilegiving.ca\/wp-content\/uploads\/2015\/08\/olson.png\" alt=\"CWTA\" title_text=\"CWTA\" show_in_lightbox=\"off\" url=\"http:\/\/www.olsoncanada.com\/\" url_new_window=\"on\" animation=\"off\" sticky=\"off\" align=\"left\" force_fullwidth=\"off\" always_center_on_mobile=\"on\" use_border_color=\"off\" border_color=\"#ffffff\" border_style=\"solid\"] [\/et_pb_image][\/et_pb_column][\/et_pb_row][et_pb_row global_parent=\"363\"][et_pb_column type=\"4_4\"][et_pb_divider global_parent=\"363\" admin_label=\"Divider\" color=\"#ffffff\" show_divider=\"off\" height=\"20\" divider_style=\"solid\" divider_position=\"top\" hide_on_mobile=\"on\"] [\/et_pb_divider][\/et_pb_column][\/et_pb_row][\/et_pb_section]<\/p>","_et_gb_content_width":"","footnotes":""},"_links":{"self":[{"href":"https:\/\/www.mobilegiving.ca\/fr\/wp-json\/wp\/v2\/pages\/602\/"}],"collection":[{"href":"https:\/\/www.mobilegiving.ca\/fr\/wp-json\/wp\/v2\/pages\/"}],"about":[{"href":"https:\/\/www.mobilegiving.ca\/fr\/wp-json\/wp\/v2\/types\/page\/"}],"author":[{"embeddable":true,"href":"https:\/\/www.mobilegiving.ca\/fr\/wp-json\/wp\/v2\/users\/5\/"}],"replies":[{"embeddable":true,"href":"https:\/\/www.mobilegiving.ca\/fr\/wp-json\/wp\/v2\/comments\/?post=602"}],"version-history":[{"count":12,"href":"https:\/\/www.mobilegiving.ca\/fr\/wp-json\/wp\/v2\/pages\/602\/revisions\/"}],"predecessor-version":[{"id":3436,"href":"https:\/\/www.mobilegiving.ca\/fr\/wp-json\/wp\/v2\/pages\/602\/revisions\/3436\/"}],"wp:attachment":[{"href":"https:\/\/www.mobilegiving.ca\/fr\/wp-json\/wp\/v2\/media\/?parent=602"}],"curies":[{"name":"wp","href":"https:\/\/api.w.org\/{rel}","templated":true}]}}