{"id":593,"date":"2015-09-13T19:30:12","date_gmt":"2015-09-13T19:30:12","guid":{"rendered":"http:\/\/www.mobilegiving.ca\/fr\/?page_id=593"},"modified":"2024-11-15T19:38:41","modified_gmt":"2024-11-15T19:38:41","slug":"zone-des-donateurs","status":"publish","type":"page","link":"https:\/\/www.mobilegiving.ca\/fr\/zone-des-donateurs\/","title":{"rendered":"Zone des donateurs"},"content":{"rendered":"<p>[et_pb_section fb_built=\u00a0\u00bb1&Prime; fullwidth=\u00a0\u00bbon\u00a0\u00bb custom_padding_last_edited=\u00a0\u00bbon|desktop\u00a0\u00bb admin_label=\u00a0\u00bbsection\u00a0\u00bb _builder_version=\u00a0\u00bb4.16&Prime; custom_padding_tablet=\u00a0\u00bb50px|0|50px|0&Prime; custom_padding_phone=\u00a0\u00bb\u00a0\u00bb transparent_background=\u00a0\u00bboff\u00a0\u00bb padding_mobile=\u00a0\u00bboff\u00a0\u00bb make_fullwidth=\u00a0\u00bboff\u00a0\u00bb use_custom_width=\u00a0\u00bboff\u00a0\u00bb width_unit=\u00a0\u00bboff\u00a0\u00bb custom_width_px=\u00a0\u00bb1080px\u00a0\u00bb custom_width_percent=\u00a0\u00bb80%\u00a0\u00bb global_colors_info=\u00a0\u00bb{}\u00a0\u00bb]<section class=\"et_pb_fullwidth_header et_pb_bg_layout_light et_pb_text_align_left imagePageHeader\">\n\t\t\t<div class=\"et_pb_row\">\n\t\t\t\t<h1>Zone des donateurs<\/h1>\n\t\t\t\t<div class=\"et_pb_fullwidth_header_subhead customPageSubHeader\">Il n\u2019a jamais \u00e9t\u00e9 plus facile de faire un don aux organismes de bienfaisance qui vous tiennent \u00e0 c\u0153ur.<\/div>\n\t\t\t<\/div>\n\t\t<\/section>[\/et_pb_section][et_pb_section fb_built=\u00a0\u00bb1&Prime; custom_padding_last_edited=\u00a0\u00bbon|desktop\u00a0\u00bb admin_label=\u00a0\u00bbsection\u00a0\u00bb _builder_version=\u00a0\u00bb4.16&Prime; custom_padding_tablet=\u00a0\u00bb50px|0|50px|0&Prime; custom_padding_phone=\u00a0\u00bb\u00a0\u00bb transparent_background=\u00a0\u00bboff\u00a0\u00bb padding_mobile=\u00a0\u00bboff\u00a0\u00bb make_fullwidth=\u00a0\u00bboff\u00a0\u00bb use_custom_width=\u00a0\u00bboff\u00a0\u00bb width_unit=\u00a0\u00bboff\u00a0\u00bb custom_width_px=\u00a0\u00bb1080px\u00a0\u00bb custom_width_percent=\u00a0\u00bb80%\u00a0\u00bb global_colors_info=\u00a0\u00bb{}\u00a0\u00bb][et_pb_row padding_mobile=\u00a0\u00bboff\u00a0\u00bb column_padding_mobile=\u00a0\u00bbon\u00a0\u00bb admin_label=\u00a0\u00bbrow\u00a0\u00bb _builder_version=\u00a0\u00bb4.16&Prime; background_size=\u00a0\u00bbinitial\u00a0\u00bb background_position=\u00a0\u00bbtop_left\u00a0\u00bb background_repeat=\u00a0\u00bbrepeat\u00a0\u00bb make_fullwidth=\u00a0\u00bboff\u00a0\u00bb use_custom_width=\u00a0\u00bboff\u00a0\u00bb width_unit=\u00a0\u00bboff\u00a0\u00bb custom_width_px=\u00a0\u00bb1080px\u00a0\u00bb custom_width_percent=\u00a0\u00bb80%\u00a0\u00bb global_colors_info=\u00a0\u00bb{}\u00a0\u00bb][et_pb_column type=\u00a0\u00bb4_4&Prime; _builder_version=\u00a0\u00bb4.16&Prime; custom_padding=\u00a0\u00bb|||\u00a0\u00bb global_colors_info=\u00a0\u00bb{}\u00a0\u00bb custom_padding__hover=\u00a0\u00bb|||\u00a0\u00bb][et_pb_divider show_divider=\u00a0\u00bboff\u00a0\u00bb disabled_on=\u00a0\u00bbon|on|off\u00a0\u00bb admin_label=\u00a0\u00bbDivider\u00a0\u00bb _builder_version=\u00a0\u00bb4.16&Prime; height=\u00a0\u00bb30px\u00a0\u00bb hide_on_mobile=\u00a0\u00bbon\u00a0\u00bb global_colors_info=\u00a0\u00bb{}\u00a0\u00bb]\u00a0<br \/>\n[\/et_pb_divider][\/et_pb_column][\/et_pb_row][et_pb_row column_structure=\u00a0\u00bb3_4,1_4&Prime; padding_mobile=\u00a0\u00bboff\u00a0\u00bb column_padding_mobile=\u00a0\u00bbon\u00a0\u00bb admin_label=\u00a0\u00bbrow\u00a0\u00bb _builder_version=\u00a0\u00bb4.16&Prime; background_size=\u00a0\u00bbinitial\u00a0\u00bb background_position=\u00a0\u00bbtop_left\u00a0\u00bb background_repeat=\u00a0\u00bbrepeat\u00a0\u00bb make_fullwidth=\u00a0\u00bboff\u00a0\u00bb use_custom_width=\u00a0\u00bboff\u00a0\u00bb width_unit=\u00a0\u00bboff\u00a0\u00bb custom_width_px=\u00a0\u00bb1080px\u00a0\u00bb custom_width_percent=\u00a0\u00bb80%\u00a0\u00bb global_colors_info=\u00a0\u00bb{}\u00a0\u00bb][et_pb_column type=\u00a0\u00bb3_4&Prime; _builder_version=\u00a0\u00bb4.16&Prime; custom_padding=\u00a0\u00bb|||\u00a0\u00bb global_colors_info=\u00a0\u00bb{}\u00a0\u00bb custom_padding__hover=\u00a0\u00bb|||\u00a0\u00bb][et_pb_accordion admin_label=\u00a0\u00bbAccordion\u00a0\u00bb _builder_version=\u00a0\u00bb4.17.6&Prime; hover_enabled=\u00a0\u00bb0&Prime; use_border_color=\u00a0\u00bboff\u00a0\u00bb border_color=\u00a0\u00bb#ffffff\u00a0\u00bb border_width=\u00a0\u00bb1px\u00a0\u00bb border_style=\u00a0\u00bbsolid\u00a0\u00bb global_colors_info=\u00a0\u00bb{}\u00a0\u00bb sticky_enabled=\u00a0\u00bb0&Prime;][et_pb_accordion_item title=\u00a0\u00bbComment faire un don\u00a0\u00bb open=\u00a0\u00bbon\u00a0\u00bb _builder_version=\u00a0\u00bb4.16&Prime; global_colors_info=\u00a0\u00bb{}\u00a0\u00bb]<img decoding=\"async\" class=\"alignright\" title=\"Comment faire un don\" src=\"https:\/\/www.mobilegiving.ca\/wp-content\/uploads\/2022\/02\/How-to-Make-a-Donation-FR.gif\" alt=\"Comment faire un don\" width=\"250\"\/><\/p>\n<p><b>\u00c9tape 1 :<\/b> Ouvrez un nouveau message texte sur un appareil mobile.<\/p>\n<p><b>\u00c9tape 2 :<\/b> Dans le champ \u00ab \u00c0 \u00bb ou \u00ab Destinataire \u00bb entrez le num\u00e9ro abr\u00e9g\u00e9 de 5 chiffres (45678, 30333, 20222, 80100, ou 41010).<\/p>\n<p><b>\u00c9tape 3 :<\/b> Appuyer sur la zone de message et entrez le mot-cl\u00e9 promu de l&rsquo;organisme de bienfaisance et appuyez sur Envoyer.<\/p>\n<p><b>\u00c9tape 4 :<\/b> R\u00e9pondez OUI au message de confirmation. Si vous avez re\u00e7u un message vous demandant de r\u00e9pondre avec le montant que vous souhaitez donner, r\u00e9pondez simplement \u00e0 ce message avec l&rsquo;une des options pr\u00e9sent\u00e9es.<\/p>\n<p><b>\u00c9tape 5 :<\/b> R\u00e9clamez votre re\u00e7u fiscal en cliquant sur le lien dans le message de remerciement.<\/p>\n<p>[\/et_pb_accordion_item][et_pb_accordion_item title=\u00a0\u00bbPolitique de confidentialit\u00e9\u00a0\u00bb _builder_version=\u00a0\u00bb4.16&Prime; use_border_color=\u00a0\u00bboff\u00a0\u00bb border_color=\u00a0\u00bb#ffffff\u00a0\u00bb border_width=\u00a0\u00bb1px\u00a0\u00bb border_style=\u00a0\u00bbsolid\u00a0\u00bb global_colors_info=\u00a0\u00bb{}\u00a0\u00bb open=\u00a0\u00bboff\u00a0\u00bb]La Fondation des dons sans fil du Canada (FDSFC) respecte votre droit \u00e0 la vie priv\u00e9e. Elle \u00e9tablit des lignes directrices concernant l\u2019utilisation du sans-fil pour faire des dons aux organismes de bienfaisance et adh\u00e8re \u00e0 une <a href=\"https:\/\/www.mobilegiving.ca\/fr\/politique-de-confidentialite\/\" target=\"_blank\" rel=\"noopener noreferrer\">politique de confidentialit\u00e9<\/a> rigoureuse.<br \/>\n[\/et_pb_accordion_item][et_pb_accordion_item title=\u00a0\u00bbRe\u00e7u officiel\u00a0\u00bb _builder_version=\u00a0\u00bb4.16&Prime; use_border_color=\u00a0\u00bboff\u00a0\u00bb border_color=\u00a0\u00bb#ffffff\u00a0\u00bb border_width=\u00a0\u00bb1px\u00a0\u00bb border_style=\u00a0\u00bbsolid\u00a0\u00bb global_colors_info=\u00a0\u00bb{}\u00a0\u00bb open=\u00a0\u00bboff\u00a0\u00bb]La Fondation des dons sans fil du Canada est un organisme de bienfaisance enregistr\u00e9 dont le num\u00e9ro d\u2019enregistrement est le 849455662-RR0001. \u00c0 ce titre, elle peut vous d\u00e9livrer un <a href=\"https:\/\/www.mobilegiving.ca\/fr\/recu-officiel\/\" target=\"_blank\" rel=\"noopener noreferrer\">re\u00e7u officiel<\/a> \u00e0 des fins fiscales pour tous vos dons par sans-fil.<br \/>\n[\/et_pb_accordion_item][et_pb_accordion_item title=\u00a0\u00bbFoire aux questions\u00a0\u00bb _builder_version=\u00a0\u00bb4.17.6&Prime; hover_enabled=\u00a0\u00bb0&Prime; use_border_color=\u00a0\u00bboff\u00a0\u00bb border_color=\u00a0\u00bb#ffffff\u00a0\u00bb border_width=\u00a0\u00bb1px\u00a0\u00bb border_style=\u00a0\u00bbsolid\u00a0\u00bb global_colors_info=\u00a0\u00bb{}\u00a0\u00bb open=\u00a0\u00bboff\u00a0\u00bb sticky_enabled=\u00a0\u00bb0&Prime;]<\/p>\n<ol>\n<li><a href=\"#1\">Qu\u2019est-ce que Fondation des dons sans fil du Canada&nbsp;?<\/a><\/li>\n<li><a href=\"#2\">Que fait la Fondation des dons sans fil du Canada&nbsp;?<\/a><\/li>\n<li><a href=\"#3\">Qu\u2019est-ce que le SMS ou la messagerie texte&nbsp;?<\/a><\/li>\n<li><a href=\"#4\">Qu\u2019est-ce qu\u2019un num\u00e9ro abr\u00e9g\u00e9&nbsp;?<\/a><\/li>\n<li><a href=\"#5\">Qu\u2019est-ce qu\u2019un mot cl\u00e9&nbsp;?<\/a><\/li>\n<li><a href=\"#6\">Qu\u2019est-ce qu\u2019un appel \u00e0 l\u2019action&nbsp;?<\/a><\/li>\n<li><a href=\"#7\">Qu\u2019entend-on au juste par \u00ab&nbsp;don par sans-fil&nbsp;\u00bb&nbsp;?<\/a><\/li>\n<li><a href=\"#8\">Les dons par texto entra\u00eenent-ils des frais de messagerie texte&nbsp;?<\/a><\/li>\n<li><a href=\"#9\">Comment recouvre-t-on le montant du don fait par le donateur&nbsp;?<\/a><\/li>\n<li><a href=\"#10\">Comment le don parvient-il \u00e0 l\u2019organisme de bienfaisance enregistr\u00e9&nbsp;?<\/a><\/li>\n<li><a href=\"#11\">O\u00f9 peut-on obtenir un re\u00e7u pour fins d\u2019imp\u00f4t pour les dons effectu\u00e9s par messagerie texte&nbsp;?<\/a><\/li>\n<li><a href=\"#12\">Les t\u00e9l\u00e9comunicateurs sans fil touchent-ils une partie des dons par messagerie texte&nbsp;?<\/a><\/li>\n<li><a href=\"#13\">Quels t\u00e9l\u00e9communicateurs sans fil participent \u00e0 la prestation des programmes de la Fondation des dons sans fil du Canada&nbsp;?<\/a><\/li>\n<li><a href=\"#14\">\u00c0 qui dois-je m\u2019adresser si j\u2019ai d\u2019autres questions au sujet des dons par sans-fil&nbsp;?<\/a><\/li>\n<\/ol>\n<p><a name=\"1\" class=\"mce-item-anchor\"><\/a><\/p>\n<h3>1. Qu\u2019est-ce que Fondation des dons sans fil du Canada&nbsp;?<\/h3>\n<p>La Fondation des dons sans fil du Canada (FDSFC) est une fondation publique et un organisme de bienfaisance enregistr\u00e9 (num\u00e9ro d\u2019enregistrement 849455662 RR0001), qui a pour but d\u2019accro\u00eetre l\u2019efficacit\u00e9 et le rendement d\u2019autres organismes de bienfaisance enregistr\u00e9s au Canada en mettant \u00e0 leur disposition une plateforme de communication mobile pour les dons de bienfaisance. Cette plateforme permet aux utilisateurs du sans-fil de se servir de leur t\u00e9l\u00e9phone pour faire un don unique \u00e0 un organisme de bienfaisance enregistr\u00e9, le montant en question \u00e9tant alors port\u00e9 sur leur facture mensuelle cellulaire. Afin d\u2019offrir ce service, la Fondation a form\u00e9 un partenariat avec les fournisseurs de service sans fil canadiens et l\u2019Association canadienne des t\u00e9l\u00e9communications. Elle contribue activement \u00e0 l\u2019application et \u00e0 la croissance continue de cette plateforme afin d\u2019y sensibiliser toujours plus le grand public, d\u2019encourager le don par texto d\u2019autorisation et d\u2019assurer l\u2019actualisation continuelle d\u2019un moyen rentable par lequel les organismes de bienfaisance peuvent \u00e9largir le cercle de leurs donateurs. <a name=\"2\" class=\"mce-item-anchor\"><\/a><\/p>\n<h3>2. Que fait la Fondation des dons sans fil du Canada&nbsp;?<\/h3>\n<ul>\n<li>Elle confirme le statut d\u2019organisme de bienfaisance et leur admissibilit\u00e9.<\/li>\n<li>Elle surveille le contenu des messages normalis\u00e9s.<\/li>\n<li>Elle active et teste les mots cl\u00e9s des campagnes.<\/li>\n<li>Elle effectue le suivi des dons et en assure le compte rendu.<\/li>\n<li>Elle int\u00e8gre les versements re\u00e7us des fournisseurs de service sans fil.<\/li>\n<li>Elle assure la d\u00e9livrance de re\u00e7us officiels aux donateurs.<\/li>\n<li>Elle apporte du soutien \u00e0 tous les intervenants.<\/li>\n<li>Elle m\u00e8ne des enqu\u00eates sur le don par sans-fil, renseigne les gens \u00e0 son sujet, les y sensibilise et en fait la promotion.<\/li>\n<li>Elle d\u00e9veloppe et am\u00e9liore la fonctionnalit\u00e9 de la plateforme de messagerie afin d\u2019\u00e9tendre l\u2019emploi du canal de don qu\u2019elle offre au-del\u00e0 du don unique, \u00e0 savoir d\u2019en multiplier les utilisations pour la sollicitation et le service apr\u00e8s-don.<\/li>\n<\/ul>\n<p><a name=\"3\" class=\"mce-item-anchor\"><\/a><\/p>\n<h3>3. Qu\u2019est-ce que le SMS ou la messagerie texte&nbsp;?<\/h3>\n<p>SMS signifie le \u00ab&nbsp;Short Message Service&nbsp;\u00bb et d\u00e9signe la messagerie texte ou le service de textos offert sur presque tous les appareils sans fil aujourd\u2019hui. <a name=\"4\" class=\"mce-item-anchor\"><\/a><\/p>\n<h3>4. Qu\u2019est-ce qu\u2019un num\u00e9ro abr\u00e9g\u00e9&nbsp;?<\/h3>\n<p>Semblables aux num\u00e9ros de t\u00e9l\u00e9phone, les num\u00e9ros abr\u00e9g\u00e9s sont des num\u00e9ros sp\u00e9ciaux de 5 ou de 6 chiffres s\u2019employant habituellement de pair avec un mot cl\u00e9 pour acheminer des textos de t\u00e9l\u00e9phones mobiles vers des applications interactives de messagerie sans fil. Ils sont con\u00e7us pour \u00eatre plus faciles \u00e0 retenir que les num\u00e9ros de t\u00e9l\u00e9phone ordinaires. Les num\u00e9ros abr\u00e9g\u00e9s permettent aux consommateurs d\u2019\u00e9changer avec les m\u00e9dias, des marques, des d\u00e9taillants, l\u2019administration publique et une foule d\u2019autres organismes en envoyant des textos \u00e0 ces num\u00e9ros, et vice-versa, pour permettre aux marques de s\u2019adresser directement aux consommateurs ou aux utilisateurs. Par exemple, les institutions financi\u00e8res peuvent offrir \u00e0 leurs clients de s\u2019inscrire pour recevoir des alertes sur leur compte et des avis en cas de fraude pr\u00e9sum\u00e9e, les fournisseurs de service de messagerie peuvent transmettre un code d\u2019authentification \u00e0 deux facteurs \u00e0 leurs abonn\u00e9s et les transporteurs a\u00e9riens des mises \u00e0 jour sur les horaires de vol. <a name=\"5\" class=\"mce-item-anchor\"><\/a><\/p>\n<h3>5. Qu\u2019est-ce qu\u2019un mot cl\u00e9&nbsp;?<\/h3>\n<p>Un mot cl\u00e9 est un mot qui, employ\u00e9 de pair avec un num\u00e9ro abr\u00e9g\u00e9, permet de diff\u00e9rencier les diverses campagnes de don par sans-fil associ\u00e9es \u00e0 ce num\u00e9ro. Envoyer le mot cl\u00e9 par SMS au num\u00e9ro abr\u00e9g\u00e9 permet aux utilisateurs de t\u00e9l\u00e9phones mobiles de faire un don unique \u00e0 une campagne parrain\u00e9e par la FDSFC. <a name=\"6\" class=\"mce-item-anchor\"><\/a><\/p>\n<h3>6. Qu\u2019est-ce qu\u2019un appel \u00e0 l\u2019action&nbsp;?<\/h3>\n<p>On entend par \u00ab&nbsp;appel \u00e0 l\u2019action&nbsp;\u00bb toute annonce qui encourage une personne \u00e0 agir en r\u00e9ponse au message qu\u2019elle v\u00e9hicule. Dans le contexte du don par sans-fil, l\u2019appel \u00e0 l\u2019action invite g\u00e9n\u00e9ralement les membres de l\u2019auditoire \u00e0 texter un mot cl\u00e9 pr\u00e9cis \u00e0 un num\u00e9ro abr\u00e9g\u00e9 afin de faire un don de 5&nbsp;$, 10&nbsp;$, 20 ou 25&nbsp;$ \u00e0 un organisme de bienfaisance d\u00e9sign\u00e9. <a name=\"7\" class=\"mce-item-anchor\"><\/a><\/p>\n<h3>7. Qu\u2019entend-on au juste par \u00ab&nbsp;don par sans-fil&nbsp;\u00bb&nbsp;?<\/h3>\n<p>Le don par sans-fil fait intervenir les notions de messagerie texte, de num\u00e9ro abr\u00e9g\u00e9, de mot cl\u00e9 et d\u2019appel \u00e0 l\u2019action. Il peut se d\u00e9crire comme l\u2019action de faire un don \u00e0 un organisme de bienfaisance enregistr\u00e9 au moyen de son appareil mobile et de la messagerie texte. On parle souvent de \u00ab&nbsp;texter pour donner&nbsp;\u00bb. <a name=\"8\" class=\"mce-item-anchor\"><\/a><\/p>\n<h3>8. Les dons par texto entra\u00eenent-ils des frais de messagerie texte&nbsp;?<\/h3>\n<p>Non. Tous les messages texte n\u00e9cessaires pour faire et confirmer un don sont gratuits. Il n\u2019y a aucuns frais de messagerie standard pour les textos envoy\u00e9s \u00e0 un num\u00e9ro abr\u00e9g\u00e9 ou re\u00e7us d\u2019un tel num\u00e9ro pour ex\u00e9cuter la transaction de don. Le seul \u00ab&nbsp;co\u00fbt&nbsp;\u00bb factur\u00e9 \u00e0 l\u2019utilisateur du sans-fil est le montant du don lui-m\u00eame (5&nbsp;$, 10&nbsp;$, 20&nbsp;$ ou 25&nbsp;$). L\u2019utilisateur peut donner jusqu\u2019\u00e0 concurrence de 100 $ au cours d\u2019une p\u00e9riode de 30 jours cons\u00e9cutifs.  <a name=\"9\" class=\"mce-item-anchor\"><\/a><\/p>\n<h3>9. Comment recouvre-t-on le montant du don fait par le donateur&nbsp;?<\/h3>\n<p>Une fois franchie l\u2019\u00e9tape de confirmation du don par texto, le montant de celui-ci est inscrit au d\u00e9bit sur la facture ou l\u2019\u00e9tat de compte cellulaire suivant du donateur. <a name=\"10\" class=\"mce-item-anchor\"><\/a><\/p>\n<h3>10. Comment le don parvient-il \u00e0 l\u2019organisme de bienfaisance enregistr\u00e9&nbsp;?<\/h3>\n<p>Tout don fait par messagerie texte est port\u00e9 au d\u00e9bit du compte cellulaire du donateur. Les fournisseurs de service sans fil remettent chaque mois l\u2019ensemble des montants ainsi recueillis \u00e0 la Fondation des dons sans fil du Canada, qui les remet \u00e0 son tour directement aux organismes de bienfaisance enregistr\u00e9s vis\u00e9s. <a name=\"11\" class=\"mce-item-anchor\"><\/a><\/p>\n<h3>11. O\u00f9 peut-on obtenir un re\u00e7u pour fins d\u2019imp\u00f4t pour les dons effectu\u00e9s par messagerie texte&nbsp;?<\/h3>\n<p>Il suffit d\u2019aller \u00e0 notre site web pour obtenir un re\u00e7u officiel : <a href=\"https:\/\/www.mobilegiving.ca\/fr\/recu-officiel\" target=\"_blank\" rel=\"noopener noreferrer\">https:\/\/www.mobilegiving.ca\/fr\/recu-officiel<\/a>. Il est \u00e0 remarquer qu\u2019il faut avoir en main le num\u00e9ro mobile utilis\u00e9 pour faire le ou les dons pour lesquels on demande un re\u00e7u officiel. <a name=\"12\" class=\"mce-item-anchor\"><\/a><\/p>\n<h3>12. Les t\u00e9l\u00e9communicateurs sans fil touchent-ils une partie des dons par messagerie texte&nbsp;?<\/h3>\n<p>Non. Ils ne touchent rien de ces sommes. 100 % du don est remis \u00e0 l\u2019organisme de bienfaisance b\u00e9n\u00e9ficiaire. <a name=\"13\" class=\"mce-item-anchor\"><\/a><\/p>\n<h3>13. Quels t\u00e9l\u00e9communicateurs sans fil participent \u00e0 la prestation des programmes de la Fondation des dons sans fil du Canada&nbsp;?<\/h3>\n<p>Actuellement, le service est offert par l\u2019entremise de BCE Inc. (comprend \u00e0 Bell Mobilit\u00e9, PC Mobile, Virgin Plus, Lucky Mobile), Eastlink, Freedom Mobile, Rogers (comprend \u00e0 Chatr, Fido), TELUS (comprend \u00e0 Koodo, Public Mobile), et Vid\u00e9otron (comprend \u00e0 Fizz). <a name=\"14\" class=\"mce-item-anchor\"><\/a><\/p>\n<h3>14. \u00c0 qui dois-je m\u2019adresser si j\u2019ai d\u2019autres questions au sujet des dons par sans-fil&nbsp;?<\/h3>\n<p>Pour toute question concernant les dons par sans-fil au Canada, veuillez vous adresser \u00e0 <a href=\"mailto:soutien@donssansfil.ca\">soutien@donssansfil.ca<\/a>.<\/p>\n<p>[\/et_pb_accordion_item][\/et_pb_accordion][\/et_pb_column][et_pb_column type=\u00a0\u00bb1_4&Prime; _builder_version=\u00a0\u00bb4.16&Prime; custom_padding=\u00a0\u00bb|||\u00a0\u00bb global_colors_info=\u00a0\u00bb{}\u00a0\u00bb custom_padding__hover=\u00a0\u00bb|||\u00a0\u00bb][et_pb_sidebar orientation=\u00a0\u00bbright\u00a0\u00bb area=\u00a0\u00bbet_pb_widget_area_3&Prime; admin_label=\u00a0\u00bbSidebar\u00a0\u00bb _builder_version=\u00a0\u00bb4.16&Prime; global_colors_info=\u00a0\u00bb{}\u00a0\u00bb]\u00a0<br \/>\n[\/et_pb_sidebar][\/et_pb_column][\/et_pb_row][\/et_pb_section][et_pb_section fb_built=\u00a0\u00bb1&Prime; custom_padding_last_edited=\u00a0\u00bbon|desktop\u00a0\u00bb admin_label=\u00a0\u00bbsection\u00a0\u00bb module_class=\u00a0\u00bbsectionPageFooter\u00a0\u00bb _builder_version=\u00a0\u00bb4.16&Prime; background_color=\u00a0\u00bb#737a80&Prime; custom_padding_tablet=\u00a0\u00bb50px|0|50px|0&Prime; custom_padding_phone=\u00a0\u00bb\u00a0\u00bb padding_mobile=\u00a0\u00bboff\u00a0\u00bb locked=\u00a0\u00bboff\u00a0\u00bb global_colors_info=\u00a0\u00bb{}\u00a0\u00bb][et_pb_row admin_label=\u00a0\u00bbrow\u00a0\u00bb _builder_version=\u00a0\u00bb4.16&Prime; background_size=\u00a0\u00bbinitial\u00a0\u00bb background_position=\u00a0\u00bbtop_left\u00a0\u00bb background_repeat=\u00a0\u00bbrepeat\u00a0\u00bb global_colors_info=\u00a0\u00bb{}\u00a0\u00bb][et_pb_column type=\u00a0\u00bb4_4&Prime; _builder_version=\u00a0\u00bb4.16&Prime; custom_padding=\u00a0\u00bb|||\u00a0\u00bb global_colors_info=\u00a0\u00bb{}\u00a0\u00bb custom_padding__hover=\u00a0\u00bb|||\u00a0\u00bb][et_pb_text admin_label=\u00a0\u00bbFOOTER TITLE ENGLISH\u00a0\u00bb module_class=\u00a0\u00bbfooterTitle\u00a0\u00bb _builder_version=\u00a0\u00bb4.16&Prime; background_size=\u00a0\u00bbinitial\u00a0\u00bb background_position=\u00a0\u00bbtop_left\u00a0\u00bb background_repeat=\u00a0\u00bbrepeat\u00a0\u00bb text_orientation=\u00a0\u00bbcenter\u00a0\u00bb background_layout=\u00a0\u00bbdark\u00a0\u00bb module_alignment=\u00a0\u00bbcenter\u00a0\u00bb global_colors_info=\u00a0\u00bb{}\u00a0\u00bb]<\/p>\n<p>Supporting Partners<\/p>\n<p>[\/et_pb_text][et_pb_text admin_label=\u00a0\u00bbFOOTER TITLE FRENCH\u00a0\u00bb module_class=\u00a0\u00bbfooterTitleFR\u00a0\u00bb _builder_version=\u00a0\u00bb4.16&Prime; background_size=\u00a0\u00bbinitial\u00a0\u00bb background_position=\u00a0\u00bbtop_left\u00a0\u00bb background_repeat=\u00a0\u00bbrepeat\u00a0\u00bb text_orientation=\u00a0\u00bbcenter\u00a0\u00bb background_layout=\u00a0\u00bbdark\u00a0\u00bb module_alignment=\u00a0\u00bbcenter\u00a0\u00bb global_colors_info=\u00a0\u00bb{}\u00a0\u00bb]<\/p>\n<p>Partenaires parraineurs<\/p>\n<p>[\/et_pb_text][et_pb_divider show_divider=\u00a0\u00bboff\u00a0\u00bb disabled_on=\u00a0\u00bbon|on|off\u00a0\u00bb _builder_version=\u00a0\u00bb4.16&Prime; height=\u00a0\u00bb20px\u00a0\u00bb global_colors_info=\u00a0\u00bb{}\u00a0\u00bb][\/et_pb_divider][\/et_pb_column][\/et_pb_row][et_pb_row column_structure=\u00a0\u00bb1_3,1_3,1_3&Prime; admin_label=\u00a0\u00bbrow\u00a0\u00bb _builder_version=\u00a0\u00bb4.16&Prime; background_size=\u00a0\u00bbinitial\u00a0\u00bb background_position=\u00a0\u00bbtop_left\u00a0\u00bb background_repeat=\u00a0\u00bbrepeat\u00a0\u00bb global_colors_info=\u00a0\u00bb{}\u00a0\u00bb][et_pb_column type=\u00a0\u00bb1_3&Prime; _builder_version=\u00a0\u00bb4.16&Prime; custom_padding=\u00a0\u00bb|||\u00a0\u00bb global_colors_info=\u00a0\u00bb{}\u00a0\u00bb custom_padding__hover=\u00a0\u00bb|||\u00a0\u00bb][et_pb_image src=\u00a0\u00bbhttps:\/\/www.mobilegiving.ca\/wp-content\/uploads\/2023\/05\/CTA_Logo_EN_FR.png\u00a0\u00bb alt=\u00a0\u00bbCanadian Telecommunications Association\u00a0\u00bb title_text=\u00a0\u00bbCanadian Telecommunications Association\u00a0\u00bb url=\u00a0\u00bbhttps:\/\/www.canadatelecoms.ca\/fr\u00a0\u00bb url_new_window=\u00a0\u00bbon\u00a0\u00bb align=\u00a0\u00bbright\u00a0\u00bb align_tablet=\u00a0\u00bbcenter\u00a0\u00bb align_phone=\u00a0\u00bb\u00a0\u00bb align_last_edited=\u00a0\u00bbon|desktop\u00a0\u00bb _builder_version=\u00a0\u00bb4.17.6&Prime; animation=\u00a0\u00bboff\u00a0\u00bb global_colors_info=\u00a0\u00bb{}\u00a0\u00bb]<br \/>\n[\/et_pb_image][\/et_pb_column][et_pb_column type=\u00a0\u00bb1_3&Prime; _builder_version=\u00a0\u00bb4.16&Prime; custom_padding=\u00a0\u00bb|||\u00a0\u00bb global_colors_info=\u00a0\u00bb{}\u00a0\u00bb custom_padding__hover=\u00a0\u00bb|||\u00a0\u00bb][et_pb_image src=\u00a0\u00bbhttps:\/\/www.mobilegiving.ca\/wp-content\/uploads\/2024\/02\/IC-Mobile-logo-ppt.jpg\u00a0\u00bb alt=\u00a0\u00bbIC Mobile\u00a0\u00bb title_text=\u00a0\u00bbIC Mobile\u00a0\u00bb url=\u00a0\u00bbhttps:\/\/www.icgroupinc.com\/mobile-messaging\u00a0\u00bb url_new_window=\u00a0\u00bbon\u00a0\u00bb align=\u00a0\u00bbcenter\u00a0\u00bb align_tablet=\u00a0\u00bbcenter\u00a0\u00bb align_phone=\u00a0\u00bb\u00a0\u00bb align_last_edited=\u00a0\u00bbon|desktop\u00a0\u00bb _builder_version=\u00a0\u00bb4.17.6&Prime; max_width=\u00a0\u00bb150px\u00a0\u00bb global_colors_info=\u00a0\u00bb{}\u00a0\u00bb]<br \/>\n[\/et_pb_image][\/et_pb_column][et_pb_column type=\u00a0\u00bb1_3&Prime; _builder_version=\u00a0\u00bb4.16&Prime; custom_padding=\u00a0\u00bb|||\u00a0\u00bb global_colors_info=\u00a0\u00bb{}\u00a0\u00bb custom_padding__hover=\u00a0\u00bb|||\u00a0\u00bb][et_pb_image src=\u00a0\u00bbhttps:\/\/www.mobilegiving.ca\/wp-content\/uploads\/2016\/06\/logo_dirox_small.png\u00a0\u00bb alt=\u00a0\u00bbDirox\u00a0\u00bb title_text=\u00a0\u00bbDirox\u00a0\u00bb url=\u00a0\u00bbhttps:\/\/www.dirox.net\/\u00a0\u00bb url_new_window=\u00a0\u00bbon\u00a0\u00bb align_tablet=\u00a0\u00bbcenter\u00a0\u00bb align_phone=\u00a0\u00bb\u00a0\u00bb align_last_edited=\u00a0\u00bbon|desktop\u00a0\u00bb _builder_version=\u00a0\u00bb4.17.6&Prime; custom_margin=\u00a0\u00bb13px|||\u00a0\u00bb animation=\u00a0\u00bboff\u00a0\u00bb global_colors_info=\u00a0\u00bb{}\u00a0\u00bb][\/et_pb_image][\/et_pb_column][\/et_pb_row][et_pb_row admin_label=\u00a0\u00bbrow\u00a0\u00bb _builder_version=\u00a0\u00bb4.16&Prime; background_size=\u00a0\u00bbinitial\u00a0\u00bb background_position=\u00a0\u00bbtop_left\u00a0\u00bb background_repeat=\u00a0\u00bbrepeat\u00a0\u00bb global_colors_info=\u00a0\u00bb{}\u00a0\u00bb][et_pb_column type=\u00a0\u00bb4_4&Prime; _builder_version=\u00a0\u00bb4.16&Prime; custom_padding=\u00a0\u00bb|||\u00a0\u00bb global_colors_info=\u00a0\u00bb{}\u00a0\u00bb custom_padding__hover=\u00a0\u00bb|||\u00a0\u00bb][et_pb_divider show_divider=\u00a0\u00bboff\u00a0\u00bb disabled_on=\u00a0\u00bbon|on|off\u00a0\u00bb _builder_version=\u00a0\u00bb4.16&Prime; height=\u00a0\u00bb20px\u00a0\u00bb global_colors_info=\u00a0\u00bb{}\u00a0\u00bb][\/et_pb_divider][\/et_pb_column][\/et_pb_row][\/et_pb_section]<\/p>\n","protected":false},"excerpt":{"rendered":"<p>\u00a0 \u00a0 \u00c9tape 1 : Ouvrez un nouveau message texte sur un appareil mobile. \u00c9tape 2 : Dans le champ \u00ab \u00c0 \u00bb ou \u00ab Destinataire \u00bb entrez le num\u00e9ro abr\u00e9g\u00e9 de 5 chiffres (45678, 30333, 20222, 80100, ou 41010). \u00c9tape 3 : Appuyer sur la zone de message et entrez le mot-cl\u00e9 promu de [&hellip;]<\/p>\n","protected":false},"author":5,"featured_media":0,"parent":0,"menu_order":0,"comment_status":"closed","ping_status":"closed","template":"","meta":{"_et_pb_use_builder":"on","_et_pb_old_content":"","_et_gb_content_width":"","footnotes":""},"_links":{"self":[{"href":"https:\/\/www.mobilegiving.ca\/fr\/wp-json\/wp\/v2\/pages\/593\/"}],"collection":[{"href":"https:\/\/www.mobilegiving.ca\/fr\/wp-json\/wp\/v2\/pages\/"}],"about":[{"href":"https:\/\/www.mobilegiving.ca\/fr\/wp-json\/wp\/v2\/types\/page\/"}],"author":[{"embeddable":true,"href":"https:\/\/www.mobilegiving.ca\/fr\/wp-json\/wp\/v2\/users\/5\/"}],"replies":[{"embeddable":true,"href":"https:\/\/www.mobilegiving.ca\/fr\/wp-json\/wp\/v2\/comments\/?post=593"}],"version-history":[{"count":22,"href":"https:\/\/www.mobilegiving.ca\/fr\/wp-json\/wp\/v2\/pages\/593\/revisions\/"}],"predecessor-version":[{"id":3428,"href":"https:\/\/www.mobilegiving.ca\/fr\/wp-json\/wp\/v2\/pages\/593\/revisions\/3428\/"}],"wp:attachment":[{"href":"https:\/\/www.mobilegiving.ca\/fr\/wp-json\/wp\/v2\/media\/?parent=593"}],"curies":[{"name":"wp","href":"https:\/\/api.w.org\/{rel}","templated":true}]}}