{"id":585,"date":"2015-09-13T17:48:56","date_gmt":"2015-09-13T17:48:56","guid":{"rendered":"http:\/\/www.mobilegiving.ca\/?page_id=585&#038;lang=fr"},"modified":"2024-11-15T18:33:18","modified_gmt":"2024-11-15T18:33:18","slug":"la-fondation","status":"publish","type":"page","link":"https:\/\/www.mobilegiving.ca\/fr\/la-fondation\/","title":{"rendered":"La Fondation"},"content":{"rendered":"<p>[et_pb_section fb_built=\u00a0\u00bb1&Prime; fullwidth=\u00a0\u00bbon\u00a0\u00bb custom_padding_last_edited=\u00a0\u00bbon|desktop\u00a0\u00bb admin_label=\u00a0\u00bbsection\u00a0\u00bb _builder_version=\u00a0\u00bb4.16&Prime; background_color=\u00a0\u00bb#ffffff\u00a0\u00bb background_image=\u00a0\u00bbhttp:\/\/www.diskdaddy-development.com\/2015\/mgf\/wp-content\/uploads\/2015\/06\/background_page.jpg\u00a0\u00bb custom_padding_tablet=\u00a0\u00bb50px|0|50px|0&Prime; custom_padding_phone=\u00a0\u00bb\u00a0\u00bb padding_mobile=\u00a0\u00bboff\u00a0\u00bb global_colors_info=\u00a0\u00bb{}\u00a0\u00bb]<section class=\"et_pb_fullwidth_header et_pb_bg_layout_light et_pb_text_align_left imagePageHeader\">\n\t\t\t<div class=\"et_pb_row\">\n\t\t\t\t<h1>La Fondation<\/h1>\n\t\t\t\t\n\t\t\t<\/div>\n\t\t<\/section>[\/et_pb_section][et_pb_section fb_built=\u00a0\u00bb1&Prime; custom_padding_last_edited=\u00a0\u00bbon|desktop\u00a0\u00bb admin_label=\u00a0\u00bbsection\u00a0\u00bb _builder_version=\u00a0\u00bb4.16&Prime; custom_padding_tablet=\u00a0\u00bb50px|0|50px|0&Prime; custom_padding_phone=\u00a0\u00bb\u00a0\u00bb padding_mobile=\u00a0\u00bboff\u00a0\u00bb global_colors_info=\u00a0\u00bb{}\u00a0\u00bb][et_pb_row padding_mobile=\u00a0\u00bboff\u00a0\u00bb column_padding_mobile=\u00a0\u00bbon\u00a0\u00bb admin_label=\u00a0\u00bbrow\u00a0\u00bb _builder_version=\u00a0\u00bb4.16&Prime; background_size=\u00a0\u00bbinitial\u00a0\u00bb background_position=\u00a0\u00bbtop_left\u00a0\u00bb background_repeat=\u00a0\u00bbrepeat\u00a0\u00bb global_colors_info=\u00a0\u00bb{}\u00a0\u00bb][et_pb_column type=\u00a0\u00bb4_4&Prime; _builder_version=\u00a0\u00bb4.16&Prime; custom_padding=\u00a0\u00bb|||\u00a0\u00bb global_colors_info=\u00a0\u00bb{}\u00a0\u00bb custom_padding__hover=\u00a0\u00bb|||\u00a0\u00bb][et_pb_divider show_divider=\u00a0\u00bboff\u00a0\u00bb disabled_on=\u00a0\u00bbon|on|off\u00a0\u00bb _builder_version=\u00a0\u00bb4.16&Prime; height=\u00a0\u00bb20px\u00a0\u00bb global_colors_info=\u00a0\u00bb{}\u00a0\u00bb][\/et_pb_divider][\/et_pb_column][\/et_pb_row][et_pb_row column_structure=\u00a0\u00bb3_4,1_4&Prime; padding_mobile=\u00a0\u00bboff\u00a0\u00bb column_padding_mobile=\u00a0\u00bbon\u00a0\u00bb admin_label=\u00a0\u00bbrow\u00a0\u00bb _builder_version=\u00a0\u00bb4.16&Prime; background_size=\u00a0\u00bbinitial\u00a0\u00bb background_position=\u00a0\u00bbtop_left\u00a0\u00bb background_repeat=\u00a0\u00bbrepeat\u00a0\u00bb global_colors_info=\u00a0\u00bb{}\u00a0\u00bb][et_pb_column type=\u00a0\u00bb3_4&Prime; _builder_version=\u00a0\u00bb4.16&Prime; custom_padding=\u00a0\u00bb|||\u00a0\u00bb global_colors_info=\u00a0\u00bb{}\u00a0\u00bb custom_padding__hover=\u00a0\u00bb|||\u00a0\u00bb][et_pb_accordion _builder_version=\u00a0\u00bb4.17.6&Prime; hover_enabled=\u00a0\u00bb0&Prime; z_index_tablet=\u00a0\u00bb500&Prime; global_colors_info=\u00a0\u00bb{}\u00a0\u00bb sticky_enabled=\u00a0\u00bb0&Prime;][et_pb_accordion_item title=\u00a0\u00bbMission\u00a0\u00bb open=\u00a0\u00bbon\u00a0\u00bb _builder_version=\u00a0\u00bb4.16&Prime; background_size=\u00a0\u00bbinitial\u00a0\u00bb background_position=\u00a0\u00bbtop_left\u00a0\u00bb background_repeat=\u00a0\u00bbrepeat\u00a0\u00bb global_colors_info=\u00a0\u00bb{}\u00a0\u00bb]<\/p>\n<p>Le but de la Fondation des dons sans fil du Canada est de soutenir de bonnes causes en faisant de la technologie sans fil un moyen d\u2019\u00e9liminer les obstacles pour les \u00e9ventuels donateurs. Conjuguer le pouvoir du m\u00e9dia mobile \u00e0 la philanthropie contribue \u00e0 l\u2019objectif plus g\u00e9n\u00e9ral de d\u00e9veloppement du bassin de donateurs, en permettant d\u2019obtenir l\u2019appui de gens en mesure de ne faire qu\u2019un don modeste, car il est d\u00e9sormais possible au consommateur de faire porter un don de 5&nbsp;$, 10&nbsp;$, 20&nbsp;$ ou 25&nbsp;$ au d\u00e9bit de son compte de services sans fil. Le don par sans-fil offre en outre la possibilit\u00e9 de r\u00e9agir instantan\u00e9ment \u00e0 une urgence ou \u00e0 un appel \u00e0 l\u2019aide. Simple et rapide, il marque le d\u00e9but d\u2019une \u00e8re enti\u00e8rement nouvelle pour les dons de bienfaisance.<\/p>\n<p>La Fondation exerce ses activit\u00e9s au Canada au service d\u2019int\u00e9r\u00eats philanthropiques universels. Son r\u00f4le consiste \u00e0&nbsp;:<\/p>\n<ul>\n<li>Fournir l\u2019organisation permettant de faire des dons de bienfaisance par l\u2019interm\u00e9diaire de la plateforme de t\u00e9l\u00e9communicateurs sans fil;<\/li>\n<li>Veiller \u00e0 la conformit\u00e9 \u00e0 l\u2019ensemble de la l\u00e9gislation et de la r\u00e9glementation f\u00e9d\u00e9rales et provinciales;<\/li>\n<li>\u00c9tablir et g\u00e9rer des normes de participation, et s\u2019assurer de leur respect;<\/li>\n<li>Valider la participation et les campagnes des organismes de bienfaisance enregistr\u00e9s;<\/li>\n<li>G\u00e9rer la diffusion des messages et les modes de facturation pour tous les t\u00e9l\u00e9communicateurs participants;<\/li>\n<li>G\u00e9rer les num\u00e9ros abr\u00e9g\u00e9s mis \u00e0 la disposition des organismes de bienfaisance pour le don par sans-fil;<\/li>\n<li>Agir comme centre de comptabilisation des dons et de gestion des dossiers aff\u00e9rents pour les t\u00e9l\u00e9communicateurs et les organismes de bienfaisance participants;<\/li>\n<li>Diriger le perfectionnement continuel de la technologie afin de soutenir l\u2019am\u00e9lioration des programmes offerts et une fonctionnalit\u00e9 accrue.<\/li>\n<\/ul>\n<p>[\/et_pb_accordion_item][et_pb_accordion_item title=\u00a0\u00bbHistorique, statut d\u2019organisme de bienfaisance et objectifs\u00a0\u00bb _builder_version=\u00a0\u00bb4.17.6&Prime; background_size=\u00a0\u00bbinitial\u00a0\u00bb background_position=\u00a0\u00bbtop_left\u00a0\u00bb background_repeat=\u00a0\u00bbrepeat\u00a0\u00bb global_colors_info=\u00a0\u00bb{}\u00a0\u00bb open=\u00a0\u00bboff\u00a0\u00bb]<\/p>\n<p>La Fondation des dons sans fil du Canada&nbsp;(FDSFC) a \u00e9t\u00e9 \u00e9tablie en 2009 par des membres cl\u00e9s de l\u2019industrie du sans-fil, notamment des t\u00e9l\u00e9communicateurs sans fil canadiens, en partenariat avec l\u2019Association canadienne des t\u00e9l\u00e9communications. L\u2019objectif \u00e9tait et demeure de permettre aux individus de profiter de l\u2019immense pouvoir des communications sans fil pour soutenir les causes qui leur tiennent \u00e0 c\u0153ur.<\/p>\n<p>En juin 2010, peu de temps apr\u00e8s son \u00e9tablissement, la FDSFC a \u00e9t\u00e9 agr\u00e9\u00e9e par l\u2019Agence du revenu du Canada \u00e0 titre d\u2019organisme de bienfaisance enregistr\u00e9. Depuis lors, elle compte parmi ses responsabilit\u00e9s la d\u00e9livrance de re\u00e7us officiels pour les utilisateurs du sans-fil qui font un ou plusieurs dons \u00e0 l\u2019aide de leur appareil.<\/p>\n<p>Le concept sous-tendant son existence est simple&nbsp;: procurer aux Canadiens un \u00ab&nbsp;canal de don par sans-fil&nbsp;\u00bb unique par l\u2019interm\u00e9diaire duquel recevoir les demandes de fonds d\u2019organismes de bienfaisance enregistr\u00e9s agr\u00e9\u00e9s et y donner suite.<\/p>\n<p>La principale caract\u00e9ristique du don par sans-fil est son instantan\u00e9it\u00e9. Avertis d\u2019un besoin soit par un texto qu\u2019ils ont consenti \u00e0 recevoir, soit par un autre m\u00e9dia comme la t\u00e9l\u00e9vision, les utilisateurs du sans-fil peuvent donner suite rapidement et facilement. Il n\u2019est pas n\u00e9cessaire d\u2019\u00e9mettre un ch\u00e8que, de remplir un formulaire ni de faire un appel&nbsp;: il leur suffit de texter leur r\u00e9ponse au num\u00e9ro abr\u00e9g\u00e9 indiqu\u00e9, puis de confirmer leur intention, et le tour est jou\u00e9. Le d\u00e9lai entre l\u2019avis et le don se mesure en secondes plut\u00f4t qu\u2019en jours, en semaines ou en mois. Cette instantan\u00e9it\u00e9 et cette facilit\u00e9 d\u2019emploi permettent aux organismes de bienfaisance enregistr\u00e9s de d\u00e9velopper des applications interactives propres \u00e0 rejoindre une nouvelle cat\u00e9gorie de donateurs.<\/p>\n<p>En leur fournissant un point d\u2019acc\u00e8s unique \u00e0 tous les t\u00e9l\u00e9communicateurs participants, la FDSFC met \u00e0 la disposition des organismes de bienfaisance un moyen rapide et simple de mobiliser les donateurs. La coop\u00e9ration de la Fondation, de l\u2019ACTS et des t\u00e9l\u00e9communicateurs sans fil a cr\u00e9\u00e9 un syst\u00e8me fiable, pr\u00e9visible et efficace de don par sans-fil.<\/p>\n<p>[\/et_pb_accordion_item][et_pb_accordion_item title=\u00a0\u00bbFonctionnement\u00a0\u00bb _builder_version=\u00a0\u00bb4.17.6&Prime; background_size=\u00a0\u00bbinitial\u00a0\u00bb background_position=\u00a0\u00bbtop_left\u00a0\u00bb background_repeat=\u00a0\u00bbrepeat\u00a0\u00bb hover_enabled=\u00a0\u00bb0&Prime; global_colors_info=\u00a0\u00bb{}\u00a0\u00bb open=\u00a0\u00bboff\u00a0\u00bb sticky_enabled=\u00a0\u00bb0&Prime;]<\/p>\n<p>La FDSFC assure la liaison entre tout organisme de bienfaisance menant une campagne, les t\u00e9l\u00e9communicateurs sans fil et les 36\u00a0millions d\u2019utilisateurs du sans-fil au Canada.<\/p>\n<p>La Fondation \u00e9value tous les organismes de bienfaisance enregistr\u00e9s souhaitant tirer parti du sans-fil, certifie tous les programmes de don par sans-fil, assiste tous les membres de l\u2019industrie du sans-fil de ses conseils au sujet des campagnes de don et \u00e9tablit, avec leur concours, les lignes directrices et normes applicables au don par sans-fil. De plus, elle facilite les textos aff\u00e9rents gr\u00e2ce \u00e0 sa plateforme et recouvre des t\u00e9l\u00e9communicateurs les fonds amass\u00e9s dans le cadre des campagnes men\u00e9es, puis les remet en totalit\u00e9 aux organismes de bienfaisance auxquels ils sont destin\u00e9s.<\/p>\n<p>[\/et_pb_accordion_item][et_pb_accordion_item title=\u00a0\u00bbConseil d\u2019administration\u00a0\u00bb _builder_version=\u00a0\u00bb4.17.6&Prime; background_size=\u00a0\u00bbinitial\u00a0\u00bb background_position=\u00a0\u00bbtop_left\u00a0\u00bb background_repeat=\u00a0\u00bbrepeat\u00a0\u00bb global_colors_info=\u00a0\u00bb{}\u00a0\u00bb open=\u00a0\u00bboff\u00a0\u00bb]<\/p>\n<ul>\n<li>\n<div>Jim Manis, fondateur, FDSFC<\/div>\n<\/li>\n<li>\n<div>Robert Ghiz, pr\u00e9sident et chef de la direction, Association canadienne des t\u00e9l\u00e9communications<\/div>\n<\/li>\n<li>Denise Heckbert<\/li>\n<li>Bernie Forestell,\u00a0<span>Strat\u00e8ge en marketing et collecte de fonds\u00a0<\/span><\/li>\n<li><span>Andrew Edwards, Consultant<\/span><\/li>\n<\/ul>\n<p>[\/et_pb_accordion_item][et_pb_accordion_item title=\u00a0\u00bb\u00c9quipe de gestion\u00a0\u00bb _builder_version=\u00a0\u00bb4.17.6&Prime; background_size=\u00a0\u00bbinitial\u00a0\u00bb background_position=\u00a0\u00bbtop_left\u00a0\u00bb background_repeat=\u00a0\u00bbrepeat\u00a0\u00bb hover_enabled=\u00a0\u00bb0&Prime; global_colors_info=\u00a0\u00bb{}\u00a0\u00bb open=\u00a0\u00bboff\u00a0\u00bb sticky_enabled=\u00a0\u00bb0&Prime;]<\/p>\n<ul>\n<li>Katherine Winchester, VP of Operations, MGFC<\/li>\n<li>Caitlin O\u2019Neill, Director, MGFC<\/li>\n<li>Celine Tessier, Campaign Coordinator, MGFC<\/li>\n<li>Kim Graziadio, Accountant, MGFC<\/li>\n<\/ul>\n<p>[\/et_pb_accordion_item][et_pb_accordion_item title=\u00a0\u00bbFournisseurs de technologie\u00a0\u00bb _builder_version=\u00a0\u00bb4.17.6&Prime; background_size=\u00a0\u00bbinitial\u00a0\u00bb background_position=\u00a0\u00bbtop_left\u00a0\u00bb background_repeat=\u00a0\u00bbrepeat\u00a0\u00bb hover_enabled=\u00a0\u00bb0&Prime; global_colors_info=\u00a0\u00bb{}\u00a0\u00bb open=\u00a0\u00bboff\u00a0\u00bb sticky_enabled=\u00a0\u00bb0&Prime;]<\/p>\n<ul>\n<li><a href=\"https:\/\/www.icgroupinc.com\/mobile-messaging\" target=\"_blank\" rel=\"noopener noreferrer\">IC Mobile<\/a><\/li>\n<li><a href=\"http:\/\/www.corp.bandsintown.com\/\" target=\"_blank\" rel=\"noopener noreferrer\">Bandsintown Canada Inc.<\/a><\/li>\n<\/ul>\n<p>[\/et_pb_accordion_item][et_pb_accordion_item title=\u00a0\u00bbT\u00e9l\u00e9communicateurs participants\u00a0\u00bb _builder_version=\u00a0\u00bb4.17.6&Prime; background_size=\u00a0\u00bbinitial\u00a0\u00bb background_position=\u00a0\u00bbtop_left\u00a0\u00bb background_repeat=\u00a0\u00bbrepeat\u00a0\u00bb hover_enabled=\u00a0\u00bb0&Prime; global_colors_info=\u00a0\u00bb{}\u00a0\u00bb open=\u00a0\u00bboff\u00a0\u00bb sticky_enabled=\u00a0\u00bb0&Prime;]<\/p>\n<ul>\n<li><a href=\"https:\/\/www.bce.ca\/accueil\" target=\"_blank\" rel=\"noopener noreferrer\">BCE Inc.<\/a> (comprend \u00e0 Bell Mobilit\u00e9, PC Mobile, Virgin Plus, Lucky Mobile)<\/li>\n<li><a href=\"https:\/\/www.eastlink.ca\">Eastlink<\/a><\/li>\n<li><a href=\"https:\/\/www.freedommobile.ca\/en-CA\" target=\"_blank\" rel=\"noopener noreferrer\">Freedom Mobile<\/a><\/li>\n<li><a href=\"https:\/\/www.rogers.com\" target=\"_blank\" rel=\"noopener noreferrer\">Rogers<\/a> (comprend \u00e0. Chatr, Fido)<\/li>\n<li><a href=\"https:\/\/www.telus.com\" target=\"_blank\" rel=\"noopener noreferrer\">TELUS<\/a> (comprend \u00e0 Koodo, Public Mobile)<\/li>\n<li><a href=\"https:\/\/www.videotron.com\" target=\"_blank\" rel=\"noopener noreferrer\">Vid\u00e9otron<\/a> (comprend \u00e0 Fizz)<\/li>\n<\/ul>\n<p>[\/et_pb_accordion_item][\/et_pb_accordion][\/et_pb_column][et_pb_column type=\u00a0\u00bb1_4&Prime; _builder_version=\u00a0\u00bb4.16&Prime; custom_padding=\u00a0\u00bb|||\u00a0\u00bb global_colors_info=\u00a0\u00bb{}\u00a0\u00bb custom_padding__hover=\u00a0\u00bb|||\u00a0\u00bb][et_pb_sidebar orientation=\u00a0\u00bbright\u00a0\u00bb area=\u00a0\u00bbsidebar-1&Prime; _builder_version=\u00a0\u00bb4.16&Prime; global_colors_info=\u00a0\u00bb{}\u00a0\u00bb][\/et_pb_sidebar][\/et_pb_column][\/et_pb_row][\/et_pb_section][et_pb_section fb_built=\u00a0\u00bb1&Prime; custom_padding_last_edited=\u00a0\u00bbon|desktop\u00a0\u00bb admin_label=\u00a0\u00bbsection\u00a0\u00bb module_class=\u00a0\u00bbsectionPageFooter\u00a0\u00bb _builder_version=\u00a0\u00bb4.16&Prime; background_color=\u00a0\u00bb#737a80&Prime; custom_padding_tablet=\u00a0\u00bb50px|0|50px|0&Prime; custom_padding_phone=\u00a0\u00bb\u00a0\u00bb padding_mobile=\u00a0\u00bboff\u00a0\u00bb global_colors_info=\u00a0\u00bb{}\u00a0\u00bb][et_pb_row admin_label=\u00a0\u00bbrow\u00a0\u00bb _builder_version=\u00a0\u00bb4.16&Prime; background_size=\u00a0\u00bbinitial\u00a0\u00bb background_position=\u00a0\u00bbtop_left\u00a0\u00bb background_repeat=\u00a0\u00bbrepeat\u00a0\u00bb global_colors_info=\u00a0\u00bb{}\u00a0\u00bb][et_pb_column type=\u00a0\u00bb4_4&Prime; _builder_version=\u00a0\u00bb4.16&Prime; custom_padding=\u00a0\u00bb|||\u00a0\u00bb global_colors_info=\u00a0\u00bb{}\u00a0\u00bb custom_padding__hover=\u00a0\u00bb|||\u00a0\u00bb][et_pb_text admin_label=\u00a0\u00bbFOOTER TITLE ENGLISH\u00a0\u00bb module_class=\u00a0\u00bbfooterTitle\u00a0\u00bb _builder_version=\u00a0\u00bb4.16&Prime; background_size=\u00a0\u00bbinitial\u00a0\u00bb background_position=\u00a0\u00bbtop_left\u00a0\u00bb background_repeat=\u00a0\u00bbrepeat\u00a0\u00bb text_orientation=\u00a0\u00bbcenter\u00a0\u00bb background_layout=\u00a0\u00bbdark\u00a0\u00bb module_alignment=\u00a0\u00bbcenter\u00a0\u00bb global_colors_info=\u00a0\u00bb{}\u00a0\u00bb]<\/p>\n<p>Supporting Partners<\/p>\n<p>[\/et_pb_text][et_pb_text admin_label=\u00a0\u00bbFOOTER TITLE FRENCH\u00a0\u00bb module_class=\u00a0\u00bbfooterTitleFR\u00a0\u00bb _builder_version=\u00a0\u00bb4.16&Prime; background_size=\u00a0\u00bbinitial\u00a0\u00bb background_position=\u00a0\u00bbtop_left\u00a0\u00bb background_repeat=\u00a0\u00bbrepeat\u00a0\u00bb text_orientation=\u00a0\u00bbcenter\u00a0\u00bb background_layout=\u00a0\u00bbdark\u00a0\u00bb module_alignment=\u00a0\u00bbcenter\u00a0\u00bb global_colors_info=\u00a0\u00bb{}\u00a0\u00bb]<\/p>\n<p>Partenaires parraineurs<\/p>\n<p>[\/et_pb_text][et_pb_divider show_divider=\u00a0\u00bboff\u00a0\u00bb disabled_on=\u00a0\u00bbon|on|off\u00a0\u00bb _builder_version=\u00a0\u00bb4.16&Prime; height=\u00a0\u00bb20px\u00a0\u00bb global_colors_info=\u00a0\u00bb{}\u00a0\u00bb][\/et_pb_divider][\/et_pb_column][\/et_pb_row][et_pb_row column_structure=\u00a0\u00bb1_3,1_3,1_3&Prime; admin_label=\u00a0\u00bbrow\u00a0\u00bb _builder_version=\u00a0\u00bb4.16&Prime; background_size=\u00a0\u00bbinitial\u00a0\u00bb background_position=\u00a0\u00bbtop_left\u00a0\u00bb background_repeat=\u00a0\u00bbrepeat\u00a0\u00bb global_colors_info=\u00a0\u00bb{}\u00a0\u00bb][et_pb_column type=\u00a0\u00bb1_3&Prime; _builder_version=\u00a0\u00bb4.16&Prime; custom_padding=\u00a0\u00bb|||\u00a0\u00bb global_colors_info=\u00a0\u00bb{}\u00a0\u00bb custom_padding__hover=\u00a0\u00bb|||\u00a0\u00bb][et_pb_image src=\u00a0\u00bbhttps:\/\/www.mobilegiving.ca\/wp-content\/uploads\/2023\/05\/CTA_Logo_EN_FR.png\u00a0\u00bb alt=\u00a0\u00bbCanadian Telecommunications Association\u00a0\u00bb title_text=\u00a0\u00bbCanadian Telecommunications Association\u00a0\u00bb url=\u00a0\u00bbhttps:\/\/www.canadatelecoms.ca\/fr\u00a0\u00bb url_new_window=\u00a0\u00bbon\u00a0\u00bb align=\u00a0\u00bbright\u00a0\u00bb align_tablet=\u00a0\u00bbcenter\u00a0\u00bb align_phone=\u00a0\u00bb\u00a0\u00bb align_last_edited=\u00a0\u00bbon|desktop\u00a0\u00bb _builder_version=\u00a0\u00bb4.17.6&Prime; animation=\u00a0\u00bboff\u00a0\u00bb global_colors_info=\u00a0\u00bb{}\u00a0\u00bb]<br \/>\n[\/et_pb_image][\/et_pb_column][et_pb_column type=\u00a0\u00bb1_3&Prime; _builder_version=\u00a0\u00bb4.16&Prime; custom_padding=\u00a0\u00bb|||\u00a0\u00bb global_colors_info=\u00a0\u00bb{}\u00a0\u00bb custom_padding__hover=\u00a0\u00bb|||\u00a0\u00bb][et_pb_image src=\u00a0\u00bbhttps:\/\/www.mobilegiving.ca\/wp-content\/uploads\/2024\/02\/IC-Mobile-logo-ppt.jpg\u00a0\u00bb alt=\u00a0\u00bbIC Mobile\u00a0\u00bb title_text=\u00a0\u00bbIC Mobile\u00a0\u00bb url=\u00a0\u00bbhttps:\/\/www.icgroupinc.com\/mobile-messaging\u00a0\u00bb url_new_window=\u00a0\u00bbon\u00a0\u00bb align=\u00a0\u00bbcenter\u00a0\u00bb align_tablet=\u00a0\u00bbcenter\u00a0\u00bb align_phone=\u00a0\u00bb\u00a0\u00bb align_last_edited=\u00a0\u00bbon|desktop\u00a0\u00bb _builder_version=\u00a0\u00bb4.17.6&Prime; max_width=\u00a0\u00bb150px\u00a0\u00bb global_colors_info=\u00a0\u00bb{}\u00a0\u00bb]<br \/>\n[\/et_pb_image][\/et_pb_column][et_pb_column type=\u00a0\u00bb1_3&Prime; _builder_version=\u00a0\u00bb4.16&Prime; custom_padding=\u00a0\u00bb|||\u00a0\u00bb global_colors_info=\u00a0\u00bb{}\u00a0\u00bb custom_padding__hover=\u00a0\u00bb|||\u00a0\u00bb][et_pb_image src=\u00a0\u00bbhttps:\/\/www.mobilegiving.ca\/wp-content\/uploads\/2016\/06\/logo_dirox_small.png\u00a0\u00bb alt=\u00a0\u00bbDirox\u00a0\u00bb title_text=\u00a0\u00bbDirox\u00a0\u00bb url=\u00a0\u00bbhttps:\/\/www.dirox.net\/\u00a0\u00bb url_new_window=\u00a0\u00bbon\u00a0\u00bb align_tablet=\u00a0\u00bbcenter\u00a0\u00bb align_phone=\u00a0\u00bb\u00a0\u00bb align_last_edited=\u00a0\u00bbon|desktop\u00a0\u00bb _builder_version=\u00a0\u00bb4.17.6&Prime; custom_margin=\u00a0\u00bb13px|||\u00a0\u00bb animation=\u00a0\u00bboff\u00a0\u00bb global_colors_info=\u00a0\u00bb{}\u00a0\u00bb][\/et_pb_image][\/et_pb_column][\/et_pb_row][et_pb_row admin_label=\u00a0\u00bbrow\u00a0\u00bb _builder_version=\u00a0\u00bb4.16&Prime; background_size=\u00a0\u00bbinitial\u00a0\u00bb background_position=\u00a0\u00bbtop_left\u00a0\u00bb background_repeat=\u00a0\u00bbrepeat\u00a0\u00bb global_colors_info=\u00a0\u00bb{}\u00a0\u00bb][et_pb_column type=\u00a0\u00bb4_4&Prime; _builder_version=\u00a0\u00bb4.16&Prime; custom_padding=\u00a0\u00bb|||\u00a0\u00bb global_colors_info=\u00a0\u00bb{}\u00a0\u00bb custom_padding__hover=\u00a0\u00bb|||\u00a0\u00bb][et_pb_divider show_divider=\u00a0\u00bboff\u00a0\u00bb disabled_on=\u00a0\u00bbon|on|off\u00a0\u00bb _builder_version=\u00a0\u00bb4.16&Prime; height=\u00a0\u00bb20px\u00a0\u00bb global_colors_info=\u00a0\u00bb{}\u00a0\u00bb][\/et_pb_divider][\/et_pb_column][\/et_pb_row][\/et_pb_section]<\/p>\n","protected":false},"excerpt":{"rendered":"<p>Le but de la Fondation des dons sans fil du Canada est de soutenir de bonnes causes en faisant de la technologie sans fil un moyen d\u2019\u00e9liminer les obstacles pour les \u00e9ventuels donateurs. Conjuguer le pouvoir du m\u00e9dia mobile \u00e0 la philanthropie contribue \u00e0 l\u2019objectif plus g\u00e9n\u00e9ral de d\u00e9veloppement du bassin de donateurs, en permettant [&hellip;]<\/p>\n","protected":false},"author":5,"featured_media":0,"parent":0,"menu_order":0,"comment_status":"closed","ping_status":"closed","template":"","meta":{"_et_pb_use_builder":"on","_et_pb_old_content":"<p>txt.ca is administered by the Canadian Wireless Telecommunications Association (CWTA), the authority on wireless issues, developments and trends in Canada. CWTA represents wireless service providers as well as companies that develop and produce products and services for the industry, including handset and equipment manufacturers, content and application creators and business-to-business service providers.<\/p><p>Canadian Wireless Telecommunications Association<br \/> 80 Elgin Street, Suite 300<br \/> Ottawa, Ontario<br \/> K1P 6R2<br \/> Canada<br \/> <strong>Phone:<\/strong> 613-233-4888<br \/> <strong>Fax:<\/strong> 613-233-2032<br \/> <strong>Email:<\/strong> <a href=\"mailto:info@cwta.ca\">info@cwta.ca<\/a><br \/> <a href=\"http:\/\/www.cwta.ca\">www.cwta.ca<\/a><\/p>","_et_gb_content_width":"","footnotes":""},"_links":{"self":[{"href":"https:\/\/www.mobilegiving.ca\/fr\/wp-json\/wp\/v2\/pages\/585\/"}],"collection":[{"href":"https:\/\/www.mobilegiving.ca\/fr\/wp-json\/wp\/v2\/pages\/"}],"about":[{"href":"https:\/\/www.mobilegiving.ca\/fr\/wp-json\/wp\/v2\/types\/page\/"}],"author":[{"embeddable":true,"href":"https:\/\/www.mobilegiving.ca\/fr\/wp-json\/wp\/v2\/users\/5\/"}],"replies":[{"embeddable":true,"href":"https:\/\/www.mobilegiving.ca\/fr\/wp-json\/wp\/v2\/comments\/?post=585"}],"version-history":[{"count":46,"href":"https:\/\/www.mobilegiving.ca\/fr\/wp-json\/wp\/v2\/pages\/585\/revisions\/"}],"predecessor-version":[{"id":3414,"href":"https:\/\/www.mobilegiving.ca\/fr\/wp-json\/wp\/v2\/pages\/585\/revisions\/3414\/"}],"wp:attachment":[{"href":"https:\/\/www.mobilegiving.ca\/fr\/wp-json\/wp\/v2\/media\/?parent=585"}],"curies":[{"name":"wp","href":"https:\/\/api.w.org\/{rel}","templated":true}]}}